{"id":119,"date":"2019-11-07T20:32:53","date_gmt":"2019-11-07T20:32:53","guid":{"rendered":"http:\/\/www.edv-liebenau.at\/?page_id=119"},"modified":"2026-04-06T14:17:47","modified_gmt":"2026-04-06T14:17:47","slug":"allgemeine-geschaeftsbedingungen","status":"publish","type":"page","link":"https:\/\/www.edv-liebenau.at\/?page_id=119","title":{"rendered":"Allgemeine Gesch\u00e4ftsbedingungen und Datenschutzerkl\u00e4rung"},"content":{"rendered":"\n<h2 class=\"wp-block-heading\">AGB<\/h2>\n\n\n\n<p>## 1. Geltung<br>Diese AGB gelten f\u00fcr alle Dienstleistungen von mir &#8211; edvL, Daniel Reisinger &#8211; insbesondere Fernwartung, Vor-Ort-Service, PC-Service, Netzwerktechnik, Datensicherung, Fehlerdiagnose und Beratung.<\/p>\n\n\n\n<p>## 2. Leistungserbringung<br>Leistungen erfolgen nach bestem Wissen und Gewissen auf Basis des aktuellen Standes der Technik.<br>Fernwartungen erfolgen ausschlie\u00dflich nach ausdr\u00fccklicher Zustimmung des Kunden und mit dessen aktiven Zutun.<\/p>\n\n\n\n<p>## 3. Mitwirkung des Kunden bei Fernwartung<br>Der Kunde stellt sicher, dass:<br>&#8211; ein funktionierender Internetzugang vorhanden ist<br>&#8211; notwendige Zugangsdaten, Keys etc. bereitgestellt werden<br>&#8211; wichtige Daten vorab gesichert wurden<\/p>\n\n\n\n<p>F\u00fcr fehlende Datensicherungen \u00fcbernimmt edvL keine Haftung.<\/p>\n\n\n\n<p>## 4. Haftung<br>edvL haftet nur f\u00fcr Sch\u00e4den, die vors\u00e4tzlich oder grob fahrl\u00e4ssig verursacht wurden.<br>F\u00fcr Datenverlust, Folgesch\u00e4den, entgangenen Gewinn oder Ausf\u00e4lle durch Fremdsoftware, Hardwaredefekte oder Schadsoftware wird \u2013 soweit gesetzlich zul\u00e4ssig \u2013 keine Haftung \u00fcbernommen.<\/p>\n\n\n\n<p>## 5. Preise und Zahlung<br>Es gelten die vereinbarten Preise laut Angebot oder m\u00fcndlicher Vereinbarung.<br>Rechnungen sind innerhalb von 14 Tagen ohne Abzug f\u00e4llig.<\/p>\n\n\n\n<p>## 6. Datenschutz<br>Personenbezogene Daten werden ausschlie\u00dflich zur Vertragsabwicklung, Kundenbetreuung und gesetzlichen Aufbewahrungspflichten verarbeitet.<br>Details siehe separate Datenschutzerkl\u00e4rung.<\/p>\n\n\n\n<p>## 7. Gerichtsstand<br>Es gilt \u00f6sterreichisches Recht.<\/p>\n\n\n\n<h1 class=\"wp-block-heading\">Datenschutz\u00aderkl\u00e4rung <\/h1>\n\n\n\n<p>## Zweck der Datenverarbeitung<br>Personenbezogene Daten werden ausschlie\u00dflich zur:<br>&#8211; Bearbeitung von Anfragen<br>&#8211; Terminvereinbarung<br>&#8211; Durchf\u00fchrung von Fernwartungen und IT-Dienstleistungen<br>&#8211; Rechnungslegung<br>&#8211; Erf\u00fcllung gesetzlicher Pflichten<\/p>\n\n\n\n<p>## Verarbeitete Daten<br>Was je nach Auftrag zur Erf\u00fcllung notwendig ist:<br>&#8211; Name, Telefonnummer, E-Mail-Adresse, Rechnungsadresse<br>&#8211; Ger\u00e4tedaten<br>&#8211; IP-Adresse im Rahmen der Fernwartung<br>&#8211; Protokolle von Support-Sitzungen<\/p>\n\n\n\n<p>## Speicherdauer<br>Daten werden nur so lange gespeichert, wie f\u00fcr Vertragserf\u00fcllung, Dokumentation und gesetzliche Aufbewahrungspflichten n\u00f6tig. Steuerrelevante Unterlagen: 7 Jahre.<\/p>\n\n\n\n<p>## Fernwartung<br>Fernzugriffe erfolgen ausschlie\u00dflich nach ausdr\u00fccklicher Zustimmung des Kunden.<br>Der Kunde kann den Zugriff jederzeit beenden.<br>Es werden nur Daten bearbeitet, die zur Fehlerbehebung erforderlich sind.<\/p>\n\n\n\n<p>## Rechte der Betroffenen<br>Auskunft, Berichtigung, L\u00f6schung, Einschr\u00e4nkung, Daten\u00fcbertragbarkeit, Widerspruch.<\/p>\n","protected":false},"excerpt":{"rendered":"<p class=\"qua-blog-post-description\">AGB ## 1. GeltungDiese AGB gelten f\u00fcr alle Dienstleistungen von mir &#8211; edvL, Daniel Reisinger &#8211; insbesondere Fernwartung, Vor-Ort-Service, PC-Service, Netzwerktechnik, Datensicherung, Fehlerdiagnose und Beratung. ## 2. LeistungserbringungLeistungen erfolgen nach bestem Wissen und Gewissen auf Basis des aktuellen Standes der Technik.Fernwartungen erfolgen ausschlie\u00dflich nach ausdr\u00fccklicher Zustimmung des Kunden und mit dessen aktiven Zutun. ## 3. [&hellip;]<\/p>\n","protected":false},"author":1,"featured_media":0,"parent":0,"menu_order":0,"comment_status":"closed","ping_status":"closed","template":"","meta":{"footnotes":""},"class_list":["post-119","page","type-page","status-publish","hentry"],"_links":{"self":[{"href":"https:\/\/www.edv-liebenau.at\/index.php?rest_route=\/wp\/v2\/pages\/119","targetHints":{"allow":["GET"]}}],"collection":[{"href":"https:\/\/www.edv-liebenau.at\/index.php?rest_route=\/wp\/v2\/pages"}],"about":[{"href":"https:\/\/www.edv-liebenau.at\/index.php?rest_route=\/wp\/v2\/types\/page"}],"author":[{"embeddable":true,"href":"https:\/\/www.edv-liebenau.at\/index.php?rest_route=\/wp\/v2\/users\/1"}],"replies":[{"embeddable":true,"href":"https:\/\/www.edv-liebenau.at\/index.php?rest_route=%2Fwp%2Fv2%2Fcomments&post=119"}],"version-history":[{"count":16,"href":"https:\/\/www.edv-liebenau.at\/index.php?rest_route=\/wp\/v2\/pages\/119\/revisions"}],"predecessor-version":[{"id":213,"href":"https:\/\/www.edv-liebenau.at\/index.php?rest_route=\/wp\/v2\/pages\/119\/revisions\/213"}],"wp:attachment":[{"href":"https:\/\/www.edv-liebenau.at\/index.php?rest_route=%2Fwp%2Fv2%2Fmedia&parent=119"}],"curies":[{"name":"wp","href":"https:\/\/api.w.org\/{rel}","templated":true}]}}